{"id":4811,"date":"2023-06-01T07:13:55","date_gmt":"2023-06-01T07:13:55","guid":{"rendered":"https:\/\/www.nflbiosciences.com\/?page_id=4811"},"modified":"2023-08-17T14:51:00","modified_gmt":"2023-08-17T14:51:00","slug":"mentions-legales","status":"publish","type":"page","link":"https:\/\/www.nflbiosciences.com\/en\/mentions-legales\/","title":{"rendered":"Legal Notice"},"content":{"rendered":"<p><section id=\"bt_bb_section69e8babf230e4\" class=\"bt_bb_section bt_bb_color_scheme_1 bt_bb_layout_boxed_1200 bt_bb_vertical_align_top bt_bb_bottom_section_coverage_image bt_bb_section_with_bottom_coverage_image bt_bb_top_spacing_normal bt_bb_bottom_spacing_large\" style=\"; --section-primary-color:#ffffff; --section-secondary-color:#191919;\" data-bt-override-class=\"{&quot;bt_bb_top_spacing_&quot;:{&quot;current_class&quot;:&quot;bt_bb_top_spacing_normal&quot;,&quot;def&quot;:&quot;normal&quot;}}\"><div class=\"bt_bb_background_image_holder_wrapper\"><div class=\"bt_bb_background_image_holder bt_bb_parallax\"  data-parallax=\"0.7\" data-parallax-offset=\"0\" data-parallax-zoom-start=\"1\" data-parallax-zoom-end=\"1\" data-parallax-blur-start=\"0\" data-parallax-blur-end=\"0\" data-parallax-opacity-start=\"1\" data-parallax-opacity-end=\"1\" style=\" background-image:url(&#039;https:\/\/www.nflbiosciences.com\/wp-content\/uploads\/2023\/08\/mikhail-pavstyuk-EKy2OTRPXdw-unsplash60.jpg&#039;);\"><\/div><\/div><div class=\"bt_bb_port\"><div class=\"bt_bb_cell\"><div class=\"bt_bb_cell_inner\"><div class=\"bt_bb_row \"  data-bt-override-class=\"{}\"><div class=\"bt_bb_row_holder\" ><div  class=\"bt_bb_column col-xxl-7 col-xl-7 bt_bb_vertical_align_middle bt_bb_align_left bt_bb_padding_normal bt_bb_animation_fade_in animate\" style=\"; --column-width:7;\" data-width=\"7\" data-bt-override-class=\"{}\"><div class=\"bt_bb_column_content\"><div class=\"bt_bb_column_content_inner\"><div class=\"bt_bb_separator bt_bb_border_style_none bt_bb_border_color_none bt_bb_bottom_spacing_large\" data-bt-override-class=\"null\"><\/div><header data-bb-version=\"4.5.9\" class=\"bt_bb_headline bt_bb_subheadline_text_transform_default bt_bb_dash_none bt_bb_subheadline bt_bb_size_large bt_bb_align_inherit\" data-bt-override-class=\"{&quot;bt_bb_size_&quot;:{&quot;current_class&quot;:&quot;bt_bb_size_large&quot;,&quot;def&quot;:&quot;large&quot;},&quot;bt_bb_align_&quot;:{&quot;current_class&quot;:&quot;bt_bb_align_inherit&quot;,&quot;def&quot;:&quot;inherit&quot;}}\"><h1 class=\"bt_bb_headline_tag\"><span class=\"bt_bb_headline_content\"><span>Legal Notice<\/span><\/span><\/h1><div class=\"bt_bb_headline_subheadline\"> <\/div><\/header><div class=\"bt_bb_separator bt_bb_border_style_none bt_bb_border_color_none bt_bb_top_spacing_normal bt_bb_bottom_spacing_large\" data-bt-override-class=\"{&quot;bt_bb_top_spacing_&quot;:{&quot;current_class&quot;:&quot;bt_bb_top_spacing_normal&quot;,&quot;def&quot;:&quot;normal&quot;}}\"><\/div><\/div><\/div><\/div><div  class=\"bt_bb_column col-xxl-5 col-xl-5 bt_bb_vertical_align_top bt_bb_align_left bt_bb_padding_normal\" style=\"; --column-width:5;\" data-width=\"5\" data-bt-override-class=\"{}\"><div class=\"bt_bb_column_content\"><div class=\"bt_bb_column_content_inner\"><\/div><\/div><\/div><\/div><\/div><\/div><!-- cell_inner --><\/div><!-- cell --><\/div><!-- port --><div class=\"bt_bb_section_bottom_section_coverage_image\"><img decoding=\"async\" src=\"https:\/\/www.nflbiosciences.com\/wp-content\/uploads\/2020\/05\/bottom-cover.png\" alt=\"bt_bb_section_bottom_section_coverage_image\" \/><\/div><\/section><section data-bb-version=\"4.5.9\" id=\"bt_bb_section69e8babf23577\" class=\"bt_bb_section bt_bb_layout_boxed_1200 bt_bb_top_spacing_normal bt_bb_bottom_spacing_medium\"  data-bt-override-class=\"{&quot;bt_bb_top_spacing_&quot;:{&quot;current_class&quot;:&quot;bt_bb_top_spacing_normal&quot;,&quot;def&quot;:&quot;normal&quot;},&quot;bt_bb_bottom_spacing_&quot;:{&quot;current_class&quot;:&quot;bt_bb_bottom_spacing_medium&quot;,&quot;def&quot;:&quot;medium&quot;}}\"><div class=\"bt_bb_port\"><div class=\"bt_bb_cell\"><div class=\"bt_bb_cell_inner\"><div class=\"bt_bb_row \"  data-bt-override-class=\"{}\"><div class=\"bt_bb_row_holder\" ><div data-bb-version=\"4.5.9\"  class=\"bt_bb_column col-xxl-12 col-xl-12 col-xs-12 col-sm-12 col-md-12 col-lg-12 bt_bb_vertical_align_top bt_bb_align_left bt_bb_padding_normal\" style=\"; --column-width:12;\" data-width=\"12\" data-bt-override-class=\"{}\"><div class=\"bt_bb_column_content\"><div class=\"bt_bb_column_content_inner\"><div data-bb-version=\"4.5.9\"  class=\"bt_bb_text\" ><\/p>\n<h3><strong>Legal Notice<\/strong><\/h3>\n<p><strong>Editor :<\/strong><\/p>\n<p><strong>NFL BIOSCIENCES<\/strong><br \/>\nSA with Board of Directors<br \/>\n199, rue H\u00e9l\u00e8ne Boucher<br \/>\n34170 Castelnau le Lez<br \/>\nFrance<br \/>\n+33 (0)4 11 93 76 67<br \/>\ninfo@nflbiosciences.com<br \/>\nwww.nflbiosciences.com<\/p>\n<p>SA with a share capital of 243 203,07 euros.<br \/>\nSIRET number: 494 700 321 00024<br \/>\nRCS Montpellier: 494 700 321<br \/>\nNAF Code: 7219Z<\/p>\n<p><strong>Publication Director :<\/strong><\/p>\n<p>Ignacio FAUS<\/p>\n<p><strong>Website hosting :<\/strong><\/p>\n<p>Infomaniak Network SA<br \/>\nRegistre du Commerce du Canton de Gen\u00e8ve<br \/>\nCH-660.0.059.996-1<br \/>\nHeadquarter: Rue Eug\u00e8ne Marziano 25 \u2013 1225 Les Acacias \u2013 Suisse<br \/>\nN\u00b0 TVA : CHE-103.167.648<\/p>\n<p><strong>\u00a0<\/strong><\/p>\n<h3><strong>Politique de confidentialit\u00e9\u00a0 de vos donn\u00e9es personnelles <\/strong><\/h3>\n<p>La Soci\u00e9t\u00e9 NFL BIOSCIENCES s\u2019engage \u00e0 respecter votre droit au respect de la vie priv\u00e9e. Nous prenons au s\u00e9rieux nos responsabilit\u00e9s en la mati\u00e8re de traitement des donn\u00e9es personnelles et veillons ainsi \u00e0 la protection de vos donn\u00e9es.<\/p>\n<p>Cette pr\u00e9sente politique de confidentialit\u00e9 vous informe sur la fa\u00e7on dont sont trait\u00e9es les donn\u00e9es personnelles collect\u00e9es dans le cadre du site internet <a href=\"https:\/\/fr.nflbiosciences.com\/\">https:\/\/fr.nflbiosciences.com<\/a> et des services propos\u00e9s sur ce m\u00eame site.<\/p>\n<p>Nous vous invitons \u00e0 la lire attentivement.<\/p>\n<p>Le site internet met en place des cookies. Notre <a href=\"\/wp-content\/uploads\/2023\/08\/Politique_de_cookies_NFL_FR.pdf\">Politique de cookies<\/a> est librement consultable.<\/p>\n<p><strong>1. Quelles sont les donn\u00e9es personnelles recueillies par le site internet ? <\/strong><\/p>\n<p>Les donn\u00e9es personnelles recueillies par NFL BIOSCIENCES sont les suivantes : vos noms, pr\u00e9nom, adresse mail et num\u00e9ro de t\u00e9l\u00e9phone.<\/p>\n<p>Il faut noter que le formulaire contient les champs obligatoires suivants :<\/p>\n<ul>\n<li>Le nom et le pr\u00e9nom de la personne concern\u00e9e.<\/li>\n<li>Adresse email<\/li>\n<li>Message<\/li>\n<\/ul>\n<p>Auquel cas, l\u2019Utilisateur peut d\u00e9cider de ne pas communiquer les informations suivantes :<\/p>\n<ul>\n<li>Num\u00e9ro de t\u00e9l\u00e9phone<\/li>\n<\/ul>\n<p><strong>2. Quelles sont les personnes qui collectent vos donn\u00e9es personnelles via le site internet ?<\/strong><\/p>\n<p>La collecte et le traitement de donn\u00e9es personnelles via le site internet et pour les besoins des services sont effectu\u00e9es exclusivement sous la responsabilit\u00e9 de NFL BIOSCIENCES, responsable de traitement.<\/p>\n<p><strong>3. Pour quelles raisons collectons-nous vos donn\u00e9es personnelles ? <\/strong><\/p>\n<p>Nous collectons des donn\u00e9es personnelles uniquement dans le but d\u2019informer les Utilisateurs du site internet sur les actualit\u00e9s financi\u00e8res de NFL BIOSCIENCES.<\/p>\n<p><strong>4. Sur quel fondement vos donn\u00e9es personnelles sont-elles collect\u00e9es ? <\/strong><\/p>\n<p>Le traitement des donn\u00e9es \u00e0 caract\u00e8re personnel des Utilisateurs est fond\u00e9 sur le consentement desdits Utilisateurs. Ce consentement est recueilli au moyen d\u2019un formulaire par lequel les Utilisateurs fournissent leurs donn\u00e9es personnelles en vue d\u2019une inscription \u00e0 une \u00ab mailing list \u00bb. L\u2019Utilisateur peut retirer son consentement \u00e0 tout moment.<\/p>\n<p><strong>5. Combien de temps vos donn\u00e9es personnelles sont-elles conserv\u00e9es ? <\/strong><\/p>\n<p>Vos donn\u00e9es personnelles ne peuvent \u00eatre conserv\u00e9es en base active au-del\u00e0 de la dur\u00e9e de conservation strictement n\u00e9cessaire \u00e0 l\u2019information des Utilisateurs sur les actualit\u00e9s financi\u00e8res de NFL BIOSCIENCES.<\/p>\n<p>Aussi, vos donn\u00e9es personnelles seront conserv\u00e9es jusqu\u2019\u00e0 la demande de d\u00e9sinscription aupr\u00e8s de NFL BIOSCIENCES.<\/p>\n<p><strong>6. Avec qui partageons-nous vos donn\u00e9es personnelles ? <\/strong><\/p>\n<p>Les donn\u00e9es personnelles sont trait\u00e9es par NFL BIOSCIENCES et par l\u2019agence CALYPTUS.<\/p>\n<p><strong>7. Vos donn\u00e9es personnelles sont-elles transf\u00e9r\u00e9es hors de l\u2019Union Europ\u00e9enne ? <\/strong><\/p>\n<p>Infomaniak, 25 Eug\u00e8ne-Marziano, 1227 Les Acacias, Suisse, h\u00e9berge les donn\u00e9es du site NFL BIOSCIENCES.<\/p>\n<p><strong>8. Comment la s\u00e9curit\u00e9 de vos donn\u00e9es personnelles est-elle assur\u00e9e ? <\/strong><\/p>\n<p>NFL BIOSCIENCES met en place des mesures destin\u00e9es \u00e0 assurer la s\u00e9curit\u00e9 du site internet et de ses services. Elle prot\u00e8ge ainsi vos donn\u00e9es personnelles contre tout acc\u00e8s par des tiers non autoris\u00e9s.<\/p>\n<p><strong>9. Comment exercer vos droits sur vos donn\u00e9es personnelles ? <\/strong><\/p>\n<p>En vertu du R\u00e8glement G\u00e9n\u00e9ral relatif \u00e0 la Protection des Donn\u00e9es (RGPD), vous disposez de plusieurs droits sur vos donn\u00e9es :<\/p>\n<ul>\n<li><strong>Droit d\u2019acc\u00e8s<\/strong> \u00e0 vos donn\u00e9es, c\u2019est-\u00e0-dire le droit \u00e0 se voir communiquer les informations vous concernant, qu\u2019elles soient sous forme papier ou num\u00e9rique.<\/li>\n<li><strong>Droit de rectification<\/strong> de vos donn\u00e9es, c\u2019est-\u00e0-dire la possibilit\u00e9 de faire modifier par le responsable de traitement les donn\u00e9es vous concernant qui sont inexactes ou incompl\u00e8tes.<\/li>\n<li><strong>Droit \u00e0 l\u2019effacement<\/strong> de vos donn\u00e9es, c\u2019est-\u00e0-dire le droit d\u2019effacer vos donn\u00e9es, sous r\u00e9serve des dispositions l\u00e9gales et r\u00e9glementaires, de l\u2019int\u00e9r\u00eat public, de l\u2019exercice de la libert\u00e9 d\u2019expression ou d\u2019information, ou encore de la constatation, de l\u2019exercice ou de la d\u00e9fense d\u2019un droit en justice.<\/li>\n<li><strong>Droit de la limitation<\/strong> du traitement de vos donn\u00e9es. Ce droit vient au soutien des autres droits tels que le droit \u00e0 rectification ou \u00e0 l\u2019opposition. Un d\u00e9lai peut \u00eatre utilis\u00e9 par le responsable de traitement afin d\u2019\u00e9tudier votre demande. Ainsi, il vous est possible de demander le gel des traitements de donn\u00e9es vous concernant. Pendant le temps o\u00f9 ce droit est exerc\u00e9, nous ne pourrons traiter vos donn\u00e9es personnelles que dans les cas suivants :\n<ul>\n<li>Vous avez donn\u00e9 votre accord ;<\/li>\n<li>Pour la constatation, l\u2019exercice ou la d\u00e9fense de droits en justice ;<\/li>\n<li>Pour la protection des droits d\u2019une autre personne physique ou morale ;<\/li>\n<li>Pour les motifs importants d\u2019int\u00e9r\u00eat public de l\u2019Union Europ\u00e9enne ou d\u2019un Etat membre.<\/li>\n<\/ul>\n<\/li>\n<li><strong>Droit \u00e0 l\u2019opposition <\/strong>de vos donn\u00e9es pour des raisons tenant \u00e0 votre situation particuli\u00e8re. Toutefois, lorsque vos donn\u00e9es sont trait\u00e9es \u00e0 des fins de prospection, il n\u2019est pas n\u00e9cessaire de faire \u00e9tat de votre situation, cette opposition \u00e9tant de droit.<\/li>\n<li><strong>Droit \u00e0 la portabilit\u00e9 de vos donn\u00e9es, <\/strong>\u00e0 savoir la possibilit\u00e9 de r\u00e9cup\u00e9rer une partie de vos donn\u00e9es dans un format lisible par une machine ou de les faire transmettre par le responsable de traitement initial \u00e0 un autre que vous aurez choisi. N\u00e9anmoins, ce droit porte uniquement sur des donn\u00e9es recueillies aupr\u00e8s de vous sur la base du contrat ou de votre consentement, et trait\u00e9es par le biais d\u2019un proc\u00e9d\u00e9 automatis\u00e9.<\/li>\n<\/ul>\n<p>Pour plus d\u2019information sur vos droits, vous pouvez contacter notre DPO (D\u00e9l\u00e9gu\u00e9 \u00e0 la protection des donn\u00e9es) par mail : nflbiosciences.dpo@mydata-trust.info ou par courrier accompagn\u00e9 d\u2019un titre d\u2019identit\u00e9 et de l\u2019adresse \u00e0 laquelle la r\u00e9ponse doit \u00eatre envoy\u00e9e :<\/p>\n<p>NFL BIOSCIENCES DPO<\/p>\n<p>MyData-TRUST<\/p>\n<p>Boulevard Initialis 7 &#8211; Boite N\u00b03<\/p>\n<p>7000 Mons \u2013 Belgium<\/p>\n<p>Vous disposez \u00e9galement du droit de faire une r\u00e9clamation aupr\u00e8s de la Commission Nationale Informatique et Libert\u00e9 (CNIL). Nous vous recommandons de vous adresser auparavant \u00e0 notre DPO afin qu\u2019il puisse satisfaire \u00e0 votre demande d\u2019exercice de droit ou vous apporter plus d\u2019informations sur les traitements de vos donn\u00e9es effectu\u00e9es par NFL BIOSCIENCES.<\/p>\n<p>\n<\/div><\/div><\/div><\/div><\/div><\/div><\/div><!-- cell_inner --><\/div><!-- cell --><\/div><!-- port --><\/section><\/p>\n","protected":false},"excerpt":{"rendered":"","protected":false},"author":3,"featured_media":0,"parent":0,"menu_order":0,"comment_status":"closed","ping_status":"closed","template":"","meta":{"footnotes":""},"class_list":["post-4811","page","type-page","status-publish","hentry"],"yoast_head":"<!-- This site is optimized with the Yoast SEO plugin v27.4 - https:\/\/yoast.com\/product\/yoast-seo-wordpress\/ -->\n<title>Legal Notice - NFL Biosciences<\/title>\n<meta name=\"robots\" content=\"index, follow, max-snippet:-1, max-image-preview:large, max-video-preview:-1\" \/>\n<link rel=\"canonical\" href=\"https:\/\/www.nflbiosciences.com\/en\/mentions-legales\/\" \/>\n<meta property=\"og:locale\" content=\"en_US\" \/>\n<meta property=\"og:type\" content=\"article\" \/>\n<meta property=\"og:title\" content=\"Legal Notice - NFL Biosciences\" \/>\n<meta property=\"og:url\" content=\"https:\/\/www.nflbiosciences.com\/en\/mentions-legales\/\" \/>\n<meta property=\"og:site_name\" content=\"NFL Biosciences\" \/>\n<meta property=\"article:modified_time\" content=\"2023-08-17T14:51:00+00:00\" \/>\n<meta name=\"twitter:card\" content=\"summary_large_image\" \/>\n<meta name=\"twitter:label1\" content=\"Est. reading time\" \/>\n\t<meta name=\"twitter:data1\" content=\"7 minutes\" \/>\n<script type=\"application\/ld+json\" class=\"yoast-schema-graph\">{\"@context\":\"https:\\\/\\\/schema.org\",\"@graph\":[{\"@type\":\"WebPage\",\"@id\":\"https:\\\/\\\/www.nflbiosciences.com\\\/en\\\/mentions-legales\\\/\",\"url\":\"https:\\\/\\\/www.nflbiosciences.com\\\/en\\\/mentions-legales\\\/\",\"name\":\"Legal Notice - NFL Biosciences\",\"isPartOf\":{\"@id\":\"https:\\\/\\\/www.nflbiosciences.com\\\/en\\\/#website\"},\"datePublished\":\"2023-06-01T07:13:55+00:00\",\"dateModified\":\"2023-08-17T14:51:00+00:00\",\"breadcrumb\":{\"@id\":\"https:\\\/\\\/www.nflbiosciences.com\\\/en\\\/mentions-legales\\\/#breadcrumb\"},\"inLanguage\":\"en-US\",\"potentialAction\":[{\"@type\":\"ReadAction\",\"target\":[\"https:\\\/\\\/www.nflbiosciences.com\\\/en\\\/mentions-legales\\\/\"]}]},{\"@type\":\"BreadcrumbList\",\"@id\":\"https:\\\/\\\/www.nflbiosciences.com\\\/en\\\/mentions-legales\\\/#breadcrumb\",\"itemListElement\":[{\"@type\":\"ListItem\",\"position\":1,\"name\":\"Accueil\",\"item\":\"https:\\\/\\\/www.nflbiosciences.com\\\/en\\\/\"},{\"@type\":\"ListItem\",\"position\":2,\"name\":\"Legal Notice\"}]},{\"@type\":\"WebSite\",\"@id\":\"https:\\\/\\\/www.nflbiosciences.com\\\/en\\\/#website\",\"url\":\"https:\\\/\\\/www.nflbiosciences.com\\\/en\\\/\",\"name\":\"NFL Biosciences\",\"description\":\"Rendre possible l&#039;arr\u00eat du tabac\",\"potentialAction\":[{\"@type\":\"SearchAction\",\"target\":{\"@type\":\"EntryPoint\",\"urlTemplate\":\"https:\\\/\\\/www.nflbiosciences.com\\\/en\\\/?s={search_term_string}\"},\"query-input\":{\"@type\":\"PropertyValueSpecification\",\"valueRequired\":true,\"valueName\":\"search_term_string\"}}],\"inLanguage\":\"en-US\"}]}<\/script>\n<!-- \/ Yoast SEO plugin. -->","yoast_head_json":{"title":"Legal Notice - NFL Biosciences","robots":{"index":"index","follow":"follow","max-snippet":"max-snippet:-1","max-image-preview":"max-image-preview:large","max-video-preview":"max-video-preview:-1"},"canonical":"https:\/\/www.nflbiosciences.com\/en\/mentions-legales\/","og_locale":"en_US","og_type":"article","og_title":"Legal Notice - NFL Biosciences","og_url":"https:\/\/www.nflbiosciences.com\/en\/mentions-legales\/","og_site_name":"NFL Biosciences","article_modified_time":"2023-08-17T14:51:00+00:00","twitter_card":"summary_large_image","twitter_misc":{"Est. reading time":"7 minutes"},"schema":{"@context":"https:\/\/schema.org","@graph":[{"@type":"WebPage","@id":"https:\/\/www.nflbiosciences.com\/en\/mentions-legales\/","url":"https:\/\/www.nflbiosciences.com\/en\/mentions-legales\/","name":"Legal Notice - NFL Biosciences","isPartOf":{"@id":"https:\/\/www.nflbiosciences.com\/en\/#website"},"datePublished":"2023-06-01T07:13:55+00:00","dateModified":"2023-08-17T14:51:00+00:00","breadcrumb":{"@id":"https:\/\/www.nflbiosciences.com\/en\/mentions-legales\/#breadcrumb"},"inLanguage":"en-US","potentialAction":[{"@type":"ReadAction","target":["https:\/\/www.nflbiosciences.com\/en\/mentions-legales\/"]}]},{"@type":"BreadcrumbList","@id":"https:\/\/www.nflbiosciences.com\/en\/mentions-legales\/#breadcrumb","itemListElement":[{"@type":"ListItem","position":1,"name":"Accueil","item":"https:\/\/www.nflbiosciences.com\/en\/"},{"@type":"ListItem","position":2,"name":"Legal Notice"}]},{"@type":"WebSite","@id":"https:\/\/www.nflbiosciences.com\/en\/#website","url":"https:\/\/www.nflbiosciences.com\/en\/","name":"NFL Biosciences","description":"Rendre possible l&#039;arr\u00eat du tabac","potentialAction":[{"@type":"SearchAction","target":{"@type":"EntryPoint","urlTemplate":"https:\/\/www.nflbiosciences.com\/en\/?s={search_term_string}"},"query-input":{"@type":"PropertyValueSpecification","valueRequired":true,"valueName":"search_term_string"}}],"inLanguage":"en-US"}]}},"_links":{"self":[{"href":"https:\/\/www.nflbiosciences.com\/en\/wp-json\/wp\/v2\/pages\/4811","targetHints":{"allow":["GET"]}}],"collection":[{"href":"https:\/\/www.nflbiosciences.com\/en\/wp-json\/wp\/v2\/pages"}],"about":[{"href":"https:\/\/www.nflbiosciences.com\/en\/wp-json\/wp\/v2\/types\/page"}],"author":[{"embeddable":true,"href":"https:\/\/www.nflbiosciences.com\/en\/wp-json\/wp\/v2\/users\/3"}],"replies":[{"embeddable":true,"href":"https:\/\/www.nflbiosciences.com\/en\/wp-json\/wp\/v2\/comments?post=4811"}],"version-history":[{"count":3,"href":"https:\/\/www.nflbiosciences.com\/en\/wp-json\/wp\/v2\/pages\/4811\/revisions"}],"predecessor-version":[{"id":4814,"href":"https:\/\/www.nflbiosciences.com\/en\/wp-json\/wp\/v2\/pages\/4811\/revisions\/4814"}],"wp:attachment":[{"href":"https:\/\/www.nflbiosciences.com\/en\/wp-json\/wp\/v2\/media?parent=4811"}],"curies":[{"name":"wp","href":"https:\/\/api.w.org\/{rel}","templated":true}]}}