{"id":4798,"date":"2020-03-26T12:15:25","date_gmt":"2020-03-26T12:15:25","guid":{"rendered":"https:\/\/www.nflbiosciences.com\/?page_id=4798"},"modified":"2023-08-17T10:54:24","modified_gmt":"2023-08-17T10:54:24","slug":"footer","status":"publish","type":"page","link":"https:\/\/www.nflbiosciences.com\/en\/accueil\/footer\/","title":{"rendered":"Footer"},"content":{"rendered":"<p><section id=\"bt_bb_section69e8d8671d2b6\" class=\"bt_bb_section bt_bb_color_scheme_10 bt_bb_layout_boxed_1200 bt_bb_vertical_align_top bt_bb_top_spacing_large bt_bb_bottom_spacing_medium\" style=\"; --section-primary-color:#ffffff; --section-secondary-color:#697375;;background-color:#383838;\" data-bt-override-class=\"null\"><div class=\"bt_bb_port\"><div class=\"bt_bb_cell\"><div class=\"bt_bb_cell_inner\"><div class=\"bt_bb_row \"  data-bt-override-class=\"{}\"><div class=\"bt_bb_row_holder\" ><div  class=\"bt_bb_column col-xxl-3 col-xl-3 bt_bb_vertical_align_top bt_bb_align_left bt_bb_padding_normal bt_bb_animation_fade_in animate\" style=\"; --column-width:3;\" data-width=\"3\" data-bt-override-class=\"{}\"><div class=\"bt_bb_column_content\"><div class=\"bt_bb_column_content_inner\"><div data-bb-version=\"4.5.6\" class=\"bt_bb_image bt_bb_shape_square bt_bb_align_inherit bt_bb_hover_style_simple bt_bb_content_display_always bt_bb_content_align_middle\" data-bt-override-class=\"{&quot;bt_bb_align_&quot;:{&quot;current_class&quot;:&quot;bt_bb_align_inherit&quot;,&quot;def&quot;:&quot;inherit&quot;}}\"><span><img src = \"https:\/\/www.nflbiosciences.com\/wp-content\/plugins\/bold-page-builder\/img\/blank.gif\" data-full_image_src=\"https:\/\/www.nflbiosciences.com\/wp-content\/uploads\/2023\/06\/nfl-logo-fond-blanc-1.png\" data-image_src=\"https:\/\/www.nflbiosciences.com\/wp-content\/uploads\/2023\/06\/nfl-logo-fond-blanc-1.png\" title=\"nfl-logo-fond-blanc\" alt=\"https:\/\/www.nflbiosciences.com\/wp-content\/uploads\/2023\/06\/nfl-logo-fond-blanc-1.png\" class=\"btLazyLoadImage\"><\/span><\/div><div class=\"bt_bb_separator bt_bb_border_style_none bt_bb_bottom_spacing_25\" data-bt-override-class=\"null\"><\/div><div data-bb-version=\"4.5.6\" class=\"bt_bb_icon bt_bb_style_borderless bt_bb_size_small bt_bb_shape_circle bt_bb_target_self bt_bb_align_inherit bt_bb_text_size_xsmall btWithText\" data-bt-override-class=\"{&quot;bt_bb_size_&quot;:{&quot;current_class&quot;:&quot;bt_bb_size_small&quot;,&quot;def&quot;:&quot;small&quot;},&quot;bt_bb_align_&quot;:{&quot;current_class&quot;:&quot;bt_bb_align_inherit&quot;,&quot;def&quot;:&quot;inherit&quot;}}\"><a href=\"#\"  target=\"_self\"  title=\"+33 (0)4 11 93 76 67\"  data-ico-fontawesome=\"&#xf2a0;\" class=\"bt_bb_icon_holder\"><span>+33 (0)4 11 93 76 67<\/span><\/a><\/div><div class=\"bt_bb_separator bt_bb_border_style_none bt_bb_bottom_spacing_small\" data-bt-override-class=\"null\"><\/div><div data-bb-version=\"4.5.9\" class=\"bt_bb_icon bt_bb_style_borderless bt_bb_size_small bt_bb_shape_circle bt_bb_target_self bt_bb_align_inherit bt_bb_text_size_xsmall btWithText\" data-bt-override-class=\"{&quot;bt_bb_size_&quot;:{&quot;current_class&quot;:&quot;bt_bb_size_small&quot;,&quot;def&quot;:&quot;small&quot;},&quot;bt_bb_align_&quot;:{&quot;current_class&quot;:&quot;bt_bb_align_inherit&quot;,&quot;def&quot;:&quot;inherit&quot;}}\"><a href=\"#\"  target=\"_self\"  title=\"info@nflbiosciences.com\"  data-ico-fontawesome=\"&#xf0e0;\" class=\"bt_bb_icon_holder\"><span>info@nflbiosciences.com<\/span><\/a><\/div><div class=\"bt_bb_separator bt_bb_border_style_none bt_bb_bottom_spacing_small\" data-bt-override-class=\"null\"><\/div><div data-bb-version=\"4.5.6\" class=\"bt_bb_icon bt_bb_style_borderless bt_bb_size_small bt_bb_shape_circle bt_bb_target_self bt_bb_align_inherit bt_bb_text_size_xsmall btWithText\" data-bt-override-class=\"{&quot;bt_bb_size_&quot;:{&quot;current_class&quot;:&quot;bt_bb_size_small&quot;,&quot;def&quot;:&quot;small&quot;},&quot;bt_bb_align_&quot;:{&quot;current_class&quot;:&quot;bt_bb_align_inherit&quot;,&quot;def&quot;:&quot;inherit&quot;}}\"><a href=\"#\"  target=\"_self\"  title=\"199 rue H\u00e9l\u00e8ne Boucher 34170 Castelnau-Le-Lez FRANCE\"  data-ico-fontawesome5solid=\"&#xf3c5;\" class=\"bt_bb_icon_holder\"><span>199 rue H\u00e9l\u00e8ne Boucher 34170 Castelnau-Le-Lez FRANCE<\/span><\/a><\/div><div class=\"bt_bb_separator bt_bb_border_style_none bt_bb_bottom_spacing_25\" data-bt-override-class=\"null\"><\/div><div data-bb-version=\"4.5.6\" class=\"bt_bb_icon bt_bb_color_scheme_6 bt_bb_style_outline bt_bb_size_xsmall bt_bb_shape_circle bt_bb_target_blank bt_bb_text_empty bt_bb_align_inherit\" style=\"; --primary-color:#ffffff; --secondary-color:#32ad5f;\" data-bt-override-class=\"{&quot;bt_bb_size_&quot;:{&quot;current_class&quot;:&quot;bt_bb_size_xsmall&quot;,&quot;def&quot;:&quot;xsmall&quot;},&quot;bt_bb_align_&quot;:{&quot;current_class&quot;:&quot;bt_bb_align_inherit&quot;,&quot;def&quot;:&quot;inherit&quot;}}\"><a href=\"https:\/\/www.facebook.com\/NFLBiosciences\"  target=\"_blank\"   data-ico-fontawesome=\"&#xf09a;\" class=\"bt_bb_icon_holder\"><\/a><\/div><div data-bb-version=\"4.5.6\" class=\"bt_bb_icon bt_bb_color_scheme_6 bt_bb_style_outline bt_bb_size_xsmall bt_bb_shape_circle bt_bb_target_blank bt_bb_text_empty bt_bb_align_inherit\" style=\"; --primary-color:#ffffff; --secondary-color:#32ad5f;\" data-bt-override-class=\"{&quot;bt_bb_size_&quot;:{&quot;current_class&quot;:&quot;bt_bb_size_xsmall&quot;,&quot;def&quot;:&quot;xsmall&quot;},&quot;bt_bb_align_&quot;:{&quot;current_class&quot;:&quot;bt_bb_align_inherit&quot;,&quot;def&quot;:&quot;inherit&quot;}}\"><a href=\"https:\/\/www.linkedin.com\/company\/nfl-biosciences\/\"  target=\"_blank\"   data-ico-fontawesome=\"&#xf0e1;\" class=\"bt_bb_icon_holder\"><\/a><\/div><div data-bb-version=\"4.5.6\" class=\"bt_bb_icon bt_bb_color_scheme_6 bt_bb_style_outline bt_bb_size_xsmall bt_bb_shape_circle bt_bb_target_blank bt_bb_text_empty bt_bb_align_inherit\" style=\"; --primary-color:#ffffff; --secondary-color:#32ad5f;\" data-bt-override-class=\"{&quot;bt_bb_size_&quot;:{&quot;current_class&quot;:&quot;bt_bb_size_xsmall&quot;,&quot;def&quot;:&quot;xsmall&quot;},&quot;bt_bb_align_&quot;:{&quot;current_class&quot;:&quot;bt_bb_align_inherit&quot;,&quot;def&quot;:&quot;inherit&quot;}}\"><a href=\"https:\/\/www.youtube.com\/watch?v=euHOaQP8aDc\"  target=\"_blank\"   data-ico-fontawesome=\"&#xf16a;\" class=\"bt_bb_icon_holder\"><\/a><\/div><div class=\"bt_bb_separator bt_bb_border_style_none bt_bb_bottom_spacing_small\" data-bt-override-class=\"null\"><\/div><div  class=\"bt_bb_text\" ><\/p>\n<p>\u00a9 2023 NFL Biosciences<\/p>\n<p>\n<\/div><div class=\"bt_bb_separator bt_bb_border_style_none bt_bb_bottom_spacing_medium\" data-bt-override-class=\"null\"><\/div><\/div><\/div><\/div><div  class=\"bt_bb_column col-xxl-3 col-xl-3 bt_bb_vertical_align_top bt_bb_align_left bt_bb_padding_normal bt_bb_animation_fade_in animate\" style=\"; --column-width:3;\" data-width=\"3\" data-bt-override-class=\"{}\"><div class=\"bt_bb_column_content\"><div class=\"bt_bb_column_content_inner\"><header data-bb-version=\"4.5.9\" class=\"bt_bb_headline bt_bb_font_weight_light bt_bb_subheadline_text_transform_default bt_bb_dash_bottom bt_bb_size_small bt_bb_align_inherit\" style=\";font-family:&#039;Roboto&#039;\" data-bt-override-class=\"{&quot;bt_bb_size_&quot;:{&quot;current_class&quot;:&quot;bt_bb_size_small&quot;,&quot;def&quot;:&quot;small&quot;},&quot;bt_bb_align_&quot;:{&quot;current_class&quot;:&quot;bt_bb_align_inherit&quot;,&quot;def&quot;:&quot;inherit&quot;}}\"><h1 style=\"font-family:&#039;Roboto&#039;\" class=\"bt_bb_headline_tag\"><span class=\"bt_bb_headline_content\"><span>About Us<\/span><\/span><\/h1><\/header><div class=\"bt_bb_separator bt_bb_border_style_none bt_bb_bottom_spacing_small\" data-bt-override-class=\"null\"><\/div><div data-bb-version=\"4.5.6\" class=\"bt_bb_custom_menu bt_bb_direction_vertical bt_bb_color_light bt_bb_font_weight_normal\"><div class=\"menu-about-us-container\"><ul id=\"menu-about-us\" class=\"menu\"><li id=\"menu-item-5283\" class=\"menu-item menu-item-type-post_type menu-item-object-page menu-item-5283\"><a href=\"https:\/\/www.nflbiosciences.com\/en\/mission\/\">Mission<\/a><\/li>\n<li id=\"menu-item-4801\" class=\"menu-item menu-item-type-post_type menu-item-object-page menu-item-4801\"><a href=\"https:\/\/www.nflbiosciences.com\/en\/scientific-approach\/\">Scientific Approach<\/a><\/li>\n<li id=\"menu-item-4804\" class=\"menu-item menu-item-type-post_type menu-item-object-page menu-item-4804\"><a href=\"https:\/\/www.nflbiosciences.com\/en\/management-team\/\">Management &#038; Operations<\/a><\/li>\n<li id=\"menu-item-4803\" class=\"menu-item menu-item-type-post_type menu-item-object-page menu-item-4803\"><a href=\"https:\/\/www.nflbiosciences.com\/en\/board-of-directors\/\">Board of Directors<\/a><\/li>\n<li id=\"menu-item-4802\" class=\"menu-item menu-item-type-post_type menu-item-object-page menu-item-4802\"><a href=\"https:\/\/www.nflbiosciences.com\/en\/scientific-advisory-board\/\">Scientific Advisory Board<\/a><\/li>\n<\/ul><\/div><\/div><div class=\"bt_bb_separator bt_bb_border_style_none bt_bb_bottom_spacing_medium\" data-bt-override-class=\"null\"><\/div><\/div><\/div><\/div><div  class=\"bt_bb_column col-xxl-3 col-xl-3 bt_bb_vertical_align_top bt_bb_align_left bt_bb_padding_normal bt_bb_animation_fade_in animate\" style=\"; --column-width:3;\" data-width=\"3\" data-bt-override-class=\"{}\"><div class=\"bt_bb_column_content\"><div class=\"bt_bb_column_content_inner\"><header data-bb-version=\"4.5.9\" class=\"bt_bb_headline bt_bb_font_weight_light bt_bb_subheadline_text_transform_default bt_bb_dash_bottom bt_bb_size_small bt_bb_align_inherit\" style=\";font-family:&#039;Roboto&#039;\" data-bt-override-class=\"{&quot;bt_bb_size_&quot;:{&quot;current_class&quot;:&quot;bt_bb_size_small&quot;,&quot;def&quot;:&quot;small&quot;},&quot;bt_bb_align_&quot;:{&quot;current_class&quot;:&quot;bt_bb_align_inherit&quot;,&quot;def&quot;:&quot;inherit&quot;}}\"><h1 style=\"font-family:&#039;Roboto&#039;\" class=\"bt_bb_headline_tag\"><span class=\"bt_bb_headline_content\"><span>Products<\/span><\/span><\/h1><\/header><div class=\"bt_bb_separator bt_bb_border_style_none bt_bb_bottom_spacing_small\" data-bt-override-class=\"null\"><\/div><div data-bb-version=\"4.5.6\" class=\"bt_bb_custom_menu bt_bb_direction_vertical bt_bb_color_light bt_bb_font_weight_normal\"><div class=\"menu-products-container\"><ul id=\"menu-products\" class=\"menu\"><li id=\"menu-item-4740\" class=\"menu-item menu-item-type-post_type menu-item-object-page menu-item-4740\"><a href=\"https:\/\/www.nflbiosciences.com\/en\/pipeline\/\">Pipeline<\/a><\/li>\n<li id=\"menu-item-5286\" class=\"menu-item menu-item-type-post_type menu-item-object-page menu-item-5286\"><a href=\"https:\/\/www.nflbiosciences.com\/en\/nfl-101-moa\/\">NFL-101: MoA<\/a><\/li>\n<li id=\"menu-item-5287\" class=\"menu-item menu-item-type-post_type menu-item-object-page menu-item-5287\"><a href=\"https:\/\/www.nflbiosciences.com\/en\/nfl-101-studies\/\">NFL-101: Studies<\/a><\/li>\n<li id=\"menu-item-6546\" class=\"menu-item menu-item-type-post_type menu-item-object-page menu-item-6546\"><a href=\"https:\/\/www.nflbiosciences.com\/en\/nfl-102-moa\/\">NFL-102: MoA<\/a><\/li>\n<li id=\"menu-item-6545\" class=\"menu-item menu-item-type-post_type menu-item-object-page menu-item-6545\"><a href=\"https:\/\/www.nflbiosciences.com\/en\/nfl-102-studies\/\">NFL-102: Studies<\/a><\/li>\n<li id=\"menu-item-4742\" class=\"menu-item menu-item-type-post_type menu-item-object-page menu-item-4742\"><a href=\"https:\/\/www.nflbiosciences.com\/en\/nfl-301\/\">NFL-301<\/a><\/li>\n<\/ul><\/div><\/div><div class=\"bt_bb_separator bt_bb_border_style_none bt_bb_bottom_spacing_medium\" data-bt-override-class=\"null\"><\/div><\/div><\/div><\/div><div  class=\"bt_bb_column col-xxl-3 col-xl-3 bt_bb_vertical_align_top bt_bb_align_left bt_bb_padding_normal bt_bb_animation_fade_in animate\" style=\"; --column-width:3;\" data-width=\"3\" data-bt-override-class=\"{}\"><div class=\"bt_bb_column_content\"><div class=\"bt_bb_column_content_inner\"><header data-bb-version=\"4.5.9\" class=\"bt_bb_headline bt_bb_font_weight_light bt_bb_subheadline_text_transform_default bt_bb_dash_bottom bt_bb_size_small bt_bb_align_inherit\" style=\";font-family:&#039;Roboto&#039;\" data-bt-override-class=\"{&quot;bt_bb_size_&quot;:{&quot;current_class&quot;:&quot;bt_bb_size_small&quot;,&quot;def&quot;:&quot;small&quot;},&quot;bt_bb_align_&quot;:{&quot;current_class&quot;:&quot;bt_bb_align_inherit&quot;,&quot;def&quot;:&quot;inherit&quot;}}\"><h1 style=\"font-family:&#039;Roboto&#039;\" class=\"bt_bb_headline_tag\"><span class=\"bt_bb_headline_content\"><span>Investors<\/span><\/span><\/h1><\/header><div class=\"bt_bb_separator bt_bb_border_style_none bt_bb_bottom_spacing_small\" data-bt-override-class=\"null\"><\/div><div data-bb-version=\"4.5.6\" class=\"bt_bb_custom_menu bt_bb_direction_vertical bt_bb_color_light bt_bb_font_weight_normal\"><div class=\"menu-investors-container\"><ul id=\"menu-investors\" class=\"menu\"><li id=\"menu-item-4747\" class=\"menu-item menu-item-type-post_type menu-item-object-page menu-item-4747\"><a href=\"https:\/\/www.nflbiosciences.com\/en\/press-releases\/\">Press Releases<\/a><\/li>\n<li id=\"menu-item-4407\" class=\"menu-item menu-item-type-post_type menu-item-object-page menu-item-4407\"><a href=\"https:\/\/www.nflbiosciences.com\/en\/regulated-informations\/\">Regulated Informations<\/a><\/li>\n<li id=\"menu-item-4746\" class=\"menu-item menu-item-type-post_type menu-item-object-page menu-item-4746\"><a href=\"https:\/\/www.nflbiosciences.com\/en\/documents-and-videos\/\">Documents and Videos<\/a><\/li>\n<li id=\"menu-item-4745\" class=\"menu-item menu-item-type-post_type menu-item-object-page menu-item-4745\"><a href=\"https:\/\/www.nflbiosciences.com\/en\/laction-nfl-biosciences\/\">Share Information<\/a><\/li>\n<li id=\"menu-item-4744\" class=\"menu-item menu-item-type-post_type menu-item-object-page menu-item-4744\"><a href=\"https:\/\/www.nflbiosciences.com\/en\/annual-meeting\/\">Shareholders General Meeting<\/a><\/li>\n<li id=\"menu-item-4743\" class=\"menu-item menu-item-type-post_type menu-item-object-page menu-item-4743\"><a href=\"https:\/\/www.nflbiosciences.com\/en\/mailing-list\/\">Mailing list<\/a><\/li>\n<\/ul><\/div><\/div><div class=\"bt_bb_separator bt_bb_border_style_none bt_bb_bottom_spacing_medium\" data-bt-override-class=\"null\"><\/div><\/div><\/div><\/div><\/div><\/div><\/div><!-- cell_inner --><\/div><!-- cell --><\/div><!-- port --><\/section><section data-bb-version=\"4.5.6\" id=\"bt_bb_section69e8d8672c91c\" class=\"bt_bb_section bt_bb_layout_boxed_1200 bt_bb_vertical_align_top bt_bb_top_spacing_none bt_bb_bottom_spacing_none\" style=\";background-color:rgb(50,173,95);\" data-bt-override-class=\"{&quot;bt_bb_top_spacing_&quot;:{&quot;current_class&quot;:&quot;bt_bb_top_spacing_none&quot;,&quot;def&quot;:&quot;none&quot;},&quot;bt_bb_bottom_spacing_&quot;:{&quot;current_class&quot;:&quot;bt_bb_bottom_spacing_none&quot;,&quot;def&quot;:&quot;none&quot;}}\"><div class=\"bt_bb_port\"><div class=\"bt_bb_cell\"><div class=\"bt_bb_cell_inner\"><div class=\"bt_bb_row \"  data-bt-override-class=\"{}\"><div class=\"bt_bb_row_holder\" ><div data-bb-version=\"4.5.6\"  class=\"bt_bb_column col-xxl-12 col-xl-12 col-xs-12 col-sm-12 col-md-12 col-lg-12 bt_bb_vertical_align_top bt_bb_align_left bt_bb_padding_normal\" style=\"; --column-width:12;\" data-width=\"12\" data-bt-override-class=\"{}\"><div class=\"bt_bb_column_content\"><div class=\"bt_bb_column_content_inner\"><div data-bb-version=\"4.5.6\" class=\"bt_bb_separator bt_bb_border_style_none bt_bb_border_color_none bt_bb_top_spacing_ bt_bb_bottom_spacing_small\" data-bt-override-class=\"{&quot;bt_bb_top_spacing_&quot;:{&quot;current_class&quot;:&quot;bt_bb_top_spacing_&quot;,&quot;def&quot;:&quot;&quot;},&quot;bt_bb_bottom_spacing_&quot;:{&quot;current_class&quot;:&quot;bt_bb_bottom_spacing_small&quot;,&quot;def&quot;:&quot;small&quot;}}\"><\/div><div data-bb-version=\"4.5.6\"  class=\"bt_bb_text\" ><\/p>\n<p style=\"text-align: center;\"><span style=\"color: #ffffff;\">\u00a9 NFL Biosciences 2023 &#8211; <a style=\"color: #ffffff;\" href=\"https:\/\/www.nflbiosciences.com\/mentions-legales\/\">Mentions l\u00e9gales<\/a> &#8211; <a style=\"color: #ffffff;\" href=\"https:\/\/www.nflbiosciences.com\/confidentialite-et-conditions-dutilisation\/\">Confidentialit\u00e9s &amp; Conditions g\u00e9n\u00e9rales d&#8217;utilisation <\/a>&#8211;\u00a0 <a style=\"color: #ffffff;\" href=\"https:\/\/www.nflbiosciences.com\/plan-du-site\/\">Plan du site<\/a><\/span><br \/>\n<span style=\"color: #ffffff;\">Fait par <a style=\"color: #ffffff;\" href=\"https:\/\/www.studiovitamine.com\/\" target=\"_blank\" rel=\"noopener\">Studio Vitamine<\/a><\/span><\/p>\n<p>\n<\/div><div data-bb-version=\"4.5.6\" class=\"bt_bb_separator bt_bb_border_style_none bt_bb_border_color_none bt_bb_top_spacing_ bt_bb_bottom_spacing_small\" data-bt-override-class=\"{&quot;bt_bb_top_spacing_&quot;:{&quot;current_class&quot;:&quot;bt_bb_top_spacing_&quot;,&quot;def&quot;:&quot;&quot;},&quot;bt_bb_bottom_spacing_&quot;:{&quot;current_class&quot;:&quot;bt_bb_bottom_spacing_small&quot;,&quot;def&quot;:&quot;small&quot;}}\"><\/div><\/div><\/div><\/div><\/div><\/div><\/div><!-- cell_inner --><\/div><!-- cell --><\/div><!-- port --><\/section><\/p>\n","protected":false},"excerpt":{"rendered":"","protected":false},"author":3,"featured_media":0,"parent":4454,"menu_order":0,"comment_status":"closed","ping_status":"closed","template":"","meta":{"footnotes":""},"class_list":["post-4798","page","type-page","status-publish","hentry"],"yoast_head":"<!-- This site is optimized with the Yoast SEO plugin v27.4 - https:\/\/yoast.com\/product\/yoast-seo-wordpress\/ -->\n<title>Footer - NFL Biosciences<\/title>\n<meta name=\"robots\" content=\"index, follow, max-snippet:-1, max-image-preview:large, max-video-preview:-1\" \/>\n<link rel=\"canonical\" href=\"https:\/\/www.nflbiosciences.com\/en\/accueil\/footer\/\" \/>\n<meta property=\"og:locale\" content=\"en_US\" \/>\n<meta property=\"og:type\" content=\"article\" \/>\n<meta property=\"og:title\" content=\"Footer - NFL Biosciences\" \/>\n<meta property=\"og:url\" content=\"https:\/\/www.nflbiosciences.com\/en\/accueil\/footer\/\" \/>\n<meta property=\"og:site_name\" content=\"NFL Biosciences\" \/>\n<meta property=\"article:modified_time\" content=\"2023-08-17T10:54:24+00:00\" \/>\n<meta name=\"twitter:card\" content=\"summary_large_image\" \/>\n<meta name=\"twitter:label1\" content=\"Est. reading time\" \/>\n\t<meta name=\"twitter:data1\" content=\"8 minutes\" \/>\n<script type=\"application\/ld+json\" class=\"yoast-schema-graph\">{\"@context\":\"https:\\\/\\\/schema.org\",\"@graph\":[{\"@type\":\"WebPage\",\"@id\":\"https:\\\/\\\/www.nflbiosciences.com\\\/en\\\/accueil\\\/footer\\\/\",\"url\":\"https:\\\/\\\/www.nflbiosciences.com\\\/en\\\/accueil\\\/footer\\\/\",\"name\":\"Footer - NFL Biosciences\",\"isPartOf\":{\"@id\":\"https:\\\/\\\/www.nflbiosciences.com\\\/en\\\/#website\"},\"datePublished\":\"2020-03-26T12:15:25+00:00\",\"dateModified\":\"2023-08-17T10:54:24+00:00\",\"breadcrumb\":{\"@id\":\"https:\\\/\\\/www.nflbiosciences.com\\\/en\\\/accueil\\\/footer\\\/#breadcrumb\"},\"inLanguage\":\"en-US\",\"potentialAction\":[{\"@type\":\"ReadAction\",\"target\":[\"https:\\\/\\\/www.nflbiosciences.com\\\/en\\\/accueil\\\/footer\\\/\"]}]},{\"@type\":\"BreadcrumbList\",\"@id\":\"https:\\\/\\\/www.nflbiosciences.com\\\/en\\\/accueil\\\/footer\\\/#breadcrumb\",\"itemListElement\":[{\"@type\":\"ListItem\",\"position\":1,\"name\":\"Accueil\",\"item\":\"https:\\\/\\\/www.nflbiosciences.com\\\/en\\\/\"},{\"@type\":\"ListItem\",\"position\":2,\"name\":\"Home\",\"item\":\"https:\\\/\\\/www.nflbiosciences.com\\\/en\\\/\"},{\"@type\":\"ListItem\",\"position\":3,\"name\":\"Footer\"}]},{\"@type\":\"WebSite\",\"@id\":\"https:\\\/\\\/www.nflbiosciences.com\\\/en\\\/#website\",\"url\":\"https:\\\/\\\/www.nflbiosciences.com\\\/en\\\/\",\"name\":\"NFL Biosciences\",\"description\":\"Rendre possible l&#039;arr\u00eat du tabac\",\"potentialAction\":[{\"@type\":\"SearchAction\",\"target\":{\"@type\":\"EntryPoint\",\"urlTemplate\":\"https:\\\/\\\/www.nflbiosciences.com\\\/en\\\/?s={search_term_string}\"},\"query-input\":{\"@type\":\"PropertyValueSpecification\",\"valueRequired\":true,\"valueName\":\"search_term_string\"}}],\"inLanguage\":\"en-US\"}]}<\/script>\n<!-- \/ Yoast SEO plugin. -->","yoast_head_json":{"title":"Footer - NFL Biosciences","robots":{"index":"index","follow":"follow","max-snippet":"max-snippet:-1","max-image-preview":"max-image-preview:large","max-video-preview":"max-video-preview:-1"},"canonical":"https:\/\/www.nflbiosciences.com\/en\/accueil\/footer\/","og_locale":"en_US","og_type":"article","og_title":"Footer - NFL Biosciences","og_url":"https:\/\/www.nflbiosciences.com\/en\/accueil\/footer\/","og_site_name":"NFL Biosciences","article_modified_time":"2023-08-17T10:54:24+00:00","twitter_card":"summary_large_image","twitter_misc":{"Est. reading time":"8 minutes"},"schema":{"@context":"https:\/\/schema.org","@graph":[{"@type":"WebPage","@id":"https:\/\/www.nflbiosciences.com\/en\/accueil\/footer\/","url":"https:\/\/www.nflbiosciences.com\/en\/accueil\/footer\/","name":"Footer - NFL Biosciences","isPartOf":{"@id":"https:\/\/www.nflbiosciences.com\/en\/#website"},"datePublished":"2020-03-26T12:15:25+00:00","dateModified":"2023-08-17T10:54:24+00:00","breadcrumb":{"@id":"https:\/\/www.nflbiosciences.com\/en\/accueil\/footer\/#breadcrumb"},"inLanguage":"en-US","potentialAction":[{"@type":"ReadAction","target":["https:\/\/www.nflbiosciences.com\/en\/accueil\/footer\/"]}]},{"@type":"BreadcrumbList","@id":"https:\/\/www.nflbiosciences.com\/en\/accueil\/footer\/#breadcrumb","itemListElement":[{"@type":"ListItem","position":1,"name":"Accueil","item":"https:\/\/www.nflbiosciences.com\/en\/"},{"@type":"ListItem","position":2,"name":"Home","item":"https:\/\/www.nflbiosciences.com\/en\/"},{"@type":"ListItem","position":3,"name":"Footer"}]},{"@type":"WebSite","@id":"https:\/\/www.nflbiosciences.com\/en\/#website","url":"https:\/\/www.nflbiosciences.com\/en\/","name":"NFL Biosciences","description":"Rendre possible l&#039;arr\u00eat du tabac","potentialAction":[{"@type":"SearchAction","target":{"@type":"EntryPoint","urlTemplate":"https:\/\/www.nflbiosciences.com\/en\/?s={search_term_string}"},"query-input":{"@type":"PropertyValueSpecification","valueRequired":true,"valueName":"search_term_string"}}],"inLanguage":"en-US"}]}},"_links":{"self":[{"href":"https:\/\/www.nflbiosciences.com\/en\/wp-json\/wp\/v2\/pages\/4798","targetHints":{"allow":["GET"]}}],"collection":[{"href":"https:\/\/www.nflbiosciences.com\/en\/wp-json\/wp\/v2\/pages"}],"about":[{"href":"https:\/\/www.nflbiosciences.com\/en\/wp-json\/wp\/v2\/types\/page"}],"author":[{"embeddable":true,"href":"https:\/\/www.nflbiosciences.com\/en\/wp-json\/wp\/v2\/users\/3"}],"replies":[{"embeddable":true,"href":"https:\/\/www.nflbiosciences.com\/en\/wp-json\/wp\/v2\/comments?post=4798"}],"version-history":[{"count":2,"href":"https:\/\/www.nflbiosciences.com\/en\/wp-json\/wp\/v2\/pages\/4798\/revisions"}],"predecessor-version":[{"id":4800,"href":"https:\/\/www.nflbiosciences.com\/en\/wp-json\/wp\/v2\/pages\/4798\/revisions\/4800"}],"up":[{"embeddable":true,"href":"https:\/\/www.nflbiosciences.com\/en\/wp-json\/wp\/v2\/pages\/4454"}],"wp:attachment":[{"href":"https:\/\/www.nflbiosciences.com\/en\/wp-json\/wp\/v2\/media?parent=4798"}],"curies":[{"name":"wp","href":"https:\/\/api.w.org\/{rel}","templated":true}]}}